{"id":77,"date":"2021-02-02T18:33:52","date_gmt":"2021-02-02T18:33:52","guid":{"rendered":"https:\/\/mountloganlodge.com\/?page_id=77"},"modified":"2025-11-19T17:16:58","modified_gmt":"2025-11-19T17:16:58","slug":"accommodations","status":"publish","type":"page","link":"https:\/\/mountloganlodge.com\/fr\/accommodations\/","title":{"rendered":"H\u00e9bergement"},"content":{"rendered":"<div data-elementor-type=\"wp-page\" data-elementor-id=\"77\" class=\"elementor elementor-77\" data-elementor-post-type=\"page\">\n\t\t\t\t\t\t<section class=\"elementor-section elementor-top-section elementor-element elementor-element-3421e457 elementor-section-boxed elementor-section-height-default elementor-section-height-default\" data-id=\"3421e457\" data-element_type=\"section\" data-e-type=\"section\">\n\t\t\t\t\t\t<div class=\"elementor-container elementor-column-gap-default\">\n\t\t\t\t\t<div class=\"elementor-column elementor-col-100 elementor-top-column elementor-element elementor-element-35fefb97\" data-id=\"35fefb97\" data-element_type=\"column\" data-e-type=\"column\">\n\t\t\t<div class=\"elementor-widget-wrap elementor-element-populated\">\n\t\t\t\t\t\t<div class=\"elementor-element elementor-element-9f681a0 elementor-widget elementor-widget-heading\" data-id=\"9f681a0\" data-element_type=\"widget\" data-e-type=\"widget\" data-widget_type=\"heading.default\">\n\t\t\t\t<div class=\"elementor-widget-container\">\n\t\t\t\t\t<h2 class=\"elementor-heading-title elementor-size-default\">Options d\u2019h\u00e9bergement \u00e0 Mount Logan EcoLodge<\/h2>\t\t\t\t<\/div>\n\t\t\t\t<\/div>\n\t\t\t\t<div class=\"elementor-element elementor-element-79e9f52 elementor-widget elementor-widget-text-editor\" data-id=\"79e9f52\" data-element_type=\"widget\" data-e-type=\"widget\" data-widget_type=\"text-editor.default\">\n\t\t\t\t<div class=\"elementor-widget-container\">\n\t\t\t\t\t\t\t\t\t<p>Our accommodations range from the rustic elegant lodge rooms to unique outdoor accommodation options. For a true wilderness experience, spend some time in our rustic Yurt or our Barrel Cabin.<\/p>\n<p><!-- \/wp:paragraph --><\/p>\n<p><!-- wp:paragraph --><\/p>\n<p><!-- \/wp:paragraph --><\/p>\n<p><!-- wp:paragraph --><\/p>\n<p>Whichever accommodation option is for you, we promise you a warm welcome and an <br \/>unforgettable experience.<\/p>\n<p><!-- \/wp:paragraph --><\/p>\n<p><!-- wp:paragraph --><\/p>\n<p><!-- \/wp:paragraph --><\/p>\n<p><!-- wp:paragraph --><\/p>\n<p>\"Nous aimons notre communaut\u00e9 du Yukon! En signe de notre appr\u00e9ciation, Mount Logan EcoLodge est heureux d'offrir un rabais sp\u00e9cial aux r\u00e9sidents du Yukon. Il vous suffit de nous envoyer un courriel pour vous renseigner sur notre rabais exclusif pour les Yukonnais. Nous avons h\u00e2te de vous accueillir dans notre lodge et de partager la beaut\u00e9 du Yukon avec notre communaut\u00e9 locale.\"<\/p>\n<p><!-- \/wp:paragraph --><\/p>\n<p><!-- wp:paragraph --><\/p>\n<p>Heure d'arriv\u00e9e d\u00e8s 15h \/ Heure de d\u00e9part 11h<\/p>\n<p><!-- \/wp:paragraph --><\/p>\t\t\t\t\t\t\t\t<\/div>\n\t\t\t\t<\/div>\n\t\t\t\t\t<\/div>\n\t\t<\/div>\n\t\t\t\t\t<\/div>\n\t\t<\/section>\n\t\t\t\t<section class=\"elementor-section elementor-top-section elementor-element elementor-element-dd58630 elementor-section-boxed elementor-section-height-default elementor-section-height-default\" data-id=\"dd58630\" data-element_type=\"section\" data-e-type=\"section\">\n\t\t\t\t\t\t<div class=\"elementor-container elementor-column-gap-default\">\n\t\t\t\t\t<div class=\"elementor-column elementor-col-100 elementor-top-column elementor-element elementor-element-6bed4e5\" data-id=\"6bed4e5\" data-element_type=\"column\" data-e-type=\"column\">\n\t\t\t<div class=\"elementor-widget-wrap elementor-element-populated\">\n\t\t\t\t\t\t<div class=\"elementor-element elementor-element-7d449b1 elementor-widget elementor-widget-text-editor\" data-id=\"7d449b1\" data-element_type=\"widget\" data-e-type=\"widget\" data-widget_type=\"text-editor.default\">\n\t\t\t\t<div class=\"elementor-widget-container\">\n\t\t\t\t\t\t\t\t\t<p><strong>ONLINE AVAILABILITY CALENDAR<\/strong><br \/>Please do not hesitate to\u00a0<a href=\"https:\/\/mountloganlodge.com\/fr\/inquire\/\" target=\"_blank\" rel=\"noopener\"><b><u>contact us<\/u><\/b><\/a>\u00a0if you don&#8217;t see availability for your requested dates.<\/p>\t\t\t\t\t\t\t\t<\/div>\n\t\t\t\t<\/div>\n\t\t\t\t\t<\/div>\n\t\t<\/div>\n\t\t\t\t\t<\/div>\n\t\t<\/section>\n\t\t\t\t<section class=\"elementor-section elementor-top-section elementor-element elementor-element-c45e9f2 elementor-section-boxed elementor-section-height-default elementor-section-height-default\" data-id=\"c45e9f2\" data-element_type=\"section\" data-e-type=\"section\">\n\t\t\t\t\t\t<div class=\"elementor-container elementor-column-gap-default\">\n\t\t\t\t\t<div class=\"elementor-column elementor-col-100 elementor-top-column elementor-element elementor-element-5f41e3e\" data-id=\"5f41e3e\" data-element_type=\"column\" data-e-type=\"column\">\n\t\t\t<div class=\"elementor-widget-wrap elementor-element-populated\">\n\t\t\t\t\t\t<div class=\"elementor-element elementor-element-2314bf3 elementor-widget elementor-widget-text-editor\" data-id=\"2314bf3\" data-element_type=\"widget\" data-e-type=\"widget\" data-widget_type=\"text-editor.default\">\n\t\t\t\t<div class=\"elementor-widget-container\">\n\t\t\t\t\t\t\t\t\t<p><strong>HOLIDAY SEASON RATES | December 20th 2025 &#8211; January 2nd 2026<\/strong><br \/>A supplement of $150 per adult, per night will be added to accommodations and packages.<\/p>\t\t\t\t\t\t\t\t<\/div>\n\t\t\t\t<\/div>\n\t\t\t\t\t<\/div>\n\t\t<\/div>\n\t\t\t\t\t<\/div>\n\t\t<\/section>\n\t\t\t\t<section class=\"elementor-section elementor-top-section elementor-element elementor-element-84b3547 elementor-section-boxed elementor-section-height-default elementor-section-height-default\" data-id=\"84b3547\" data-element_type=\"section\" data-e-type=\"section\">\n\t\t\t\t\t\t<div class=\"elementor-container elementor-column-gap-default\">\n\t\t\t\t\t<div class=\"elementor-column elementor-col-100 elementor-top-column elementor-element elementor-element-fb72692\" data-id=\"fb72692\" data-element_type=\"column\" data-e-type=\"column\">\n\t\t\t<div class=\"elementor-widget-wrap elementor-element-populated\">\n\t\t\t\t\t\t<div class=\"elementor-element elementor-element-816965b elementor-widget elementor-widget-text-editor\" data-id=\"816965b\" data-element_type=\"widget\" data-e-type=\"widget\" data-widget_type=\"text-editor.default\">\n\t\t\t\t<div class=\"elementor-widget-container\">\n\t\t\t\t\t\t\t\t\t<p>\u00a0<strong>*Veuillez noter que les annimaux de compagnie ne sont pas permis dans les chambres*<\/strong><\/p>\t\t\t\t\t\t\t\t<\/div>\n\t\t\t\t<\/div>\n\t\t\t\t\t<\/div>\n\t\t<\/div>\n\t\t\t\t\t<\/div>\n\t\t<\/section>\n\t\t\t\t<\/div>","protected":false},"excerpt":{"rendered":"<p>Accommodation Options\u00a0At Mount Logan EcoLodge Our accommodations range from the rustic elegant lodge rooms to unique outdoor accommodation options. For a true wilderness experience, spend some time in our rustic Yurt or our Barrel Cabin. Whichever accommodation option is for you, we promise you a warm welcome and an unforgettable experience. &#8220;We love our Yukon &#8230; <a title=\"H\u00e9bergement\" class=\"read-more\" href=\"https:\/\/mountloganlodge.com\/fr\/accommodations\/\" aria-label=\"More on Accommodations\">Read more<\/a><\/p>","protected":false},"author":1,"featured_media":3821,"parent":0,"menu_order":4,"comment_status":"closed","ping_status":"closed","template":"","meta":{"_acf_changed":false,"_seopress_robots_primary_cat":"","_seopress_titles_title":"Accommodations I Mount Logan EcoLodge, Haines Junction, Yukon","_seopress_titles_desc":"Mount Logan Lodge offers a variety of rooms & unique accommodation options, such as a Yurt, a Pod Cabin or the Old Gold Rush Cabin.","_seopress_robots_index":"","footnotes":""},"class_list":["post-77","page","type-page","status-publish","has-post-thumbnail","hentry"],"acf":[],"_links":{"self":[{"href":"https:\/\/mountloganlodge.com\/fr\/wp-json\/wp\/v2\/pages\/77","targetHints":{"allow":["GET"]}}],"collection":[{"href":"https:\/\/mountloganlodge.com\/fr\/wp-json\/wp\/v2\/pages"}],"about":[{"href":"https:\/\/mountloganlodge.com\/fr\/wp-json\/wp\/v2\/types\/page"}],"author":[{"embeddable":true,"href":"https:\/\/mountloganlodge.com\/fr\/wp-json\/wp\/v2\/users\/1"}],"replies":[{"embeddable":true,"href":"https:\/\/mountloganlodge.com\/fr\/wp-json\/wp\/v2\/comments?post=77"}],"version-history":[{"count":10,"href":"https:\/\/mountloganlodge.com\/fr\/wp-json\/wp\/v2\/pages\/77\/revisions"}],"predecessor-version":[{"id":6003,"href":"https:\/\/mountloganlodge.com\/fr\/wp-json\/wp\/v2\/pages\/77\/revisions\/6003"}],"wp:featuredmedia":[{"embeddable":true,"href":"https:\/\/mountloganlodge.com\/fr\/wp-json\/wp\/v2\/media\/3821"}],"wp:attachment":[{"href":"https:\/\/mountloganlodge.com\/fr\/wp-json\/wp\/v2\/media?parent=77"}],"curies":[{"name":"wp","href":"https:\/\/api.w.org\/{rel}","templated":true}]}}