{"id":3366,"date":"2022-06-24T18:18:15","date_gmt":"2022-06-24T18:18:15","guid":{"rendered":"https:\/\/mountloganlodge.com\/?page_id=3366"},"modified":"2022-06-24T18:18:17","modified_gmt":"2022-06-24T18:18:17","slug":"premises-safety","status":"publish","type":"page","link":"https:\/\/mountloganlodge.com\/fr\/premises-safety\/","title":{"rendered":"S\u00c9CURIT\u00c9 DES INSTALLATIONS"},"content":{"rendered":"<div data-elementor-type=\"wp-page\" data-elementor-id=\"3366\" class=\"elementor elementor-3366\" data-elementor-post-type=\"page\">\n\t\t\t\t\t\t<section class=\"elementor-section elementor-top-section elementor-element elementor-element-881185a elementor-section-boxed elementor-section-height-default elementor-section-height-default\" data-id=\"881185a\" data-element_type=\"section\" data-e-type=\"section\">\n\t\t\t\t\t\t<div class=\"elementor-container elementor-column-gap-default\">\n\t\t\t\t\t<div class=\"elementor-column elementor-col-100 elementor-top-column elementor-element elementor-element-1f18f4c\" data-id=\"1f18f4c\" data-element_type=\"column\" data-e-type=\"column\">\n\t\t\t<div class=\"elementor-widget-wrap elementor-element-populated\">\n\t\t\t\t\t\t<div class=\"elementor-element elementor-element-485c396 elementor-widget elementor-widget-text-editor\" data-id=\"485c396\" data-element_type=\"widget\" data-e-type=\"widget\" data-widget_type=\"text-editor.default\">\n\t\t\t\t<div class=\"elementor-widget-container\">\n\t\t\t\t\t\t\t\t\t<p class=\"\">Lorsque de votre s\u00e9jour au Lodge, vous circulerez sur des espaces de stationnement, des sentiers et des passages, des routes d'acc\u00e8s, des sentiers de motoneige, des zones de restauration et de pr\u00e9paration des aliments, ainsi que d'autres installations. Vous verrez des panneaux de signalisation dans tout le site qu'il est important de respecter et de comprendre. Veuillez pr\u00eater une attention particuli\u00e8re \u00e0 toute la signalisation. Elle est pr\u00e9sente pour la s\u00e9curit\u00e9 des clients et des employ\u00e9s. Ne pas suivre les instructions de ces panneaux peut entra\u00eener des incidents et des blessures. Il est de votre responsabilit\u00e9 d'\u00eatre conscient de la signalisation dans les installations en tout temps.<\/p><p class=\"\">Les glissades et les chutes dans les locaux d'h\u00e9bergement peuvent entra\u00eener des blessures graves et repr\u00e9sentent des risques qui ne doivent pas \u00eatre n\u00e9glig\u00e9s. Il peut y avoir des surfaces mouill\u00e9es, enneig\u00e9es, glac\u00e9es et glissantes dans un \u00e9tablissement donn\u00e9. Les glissades, les tr\u00e9buchements et les chutes sont fr\u00e9quents, et tous les utilisateurs doivent en tout temps prendre des pr\u00e9cautions. La plupart des chaussures n'offrent pas une bonne traction, et une prudence accrue doit \u00eatre exerc\u00e9e lors de vos d\u00e9placements. Soyez particuli\u00e8rement prudent en cas de glissades et de chutes sur des surfaces enneig\u00e9es ou glac\u00e9es si vous avez consomm\u00e9 de l'alcool.<\/p>\t\t\t\t\t\t\t\t<\/div>\n\t\t\t\t<\/div>\n\t\t\t\t\t<\/div>\n\t\t<\/div>\n\t\t\t\t\t<\/div>\n\t\t<\/section>\n\t\t\t\t<section class=\"elementor-section elementor-top-section elementor-element elementor-element-a251844 elementor-section-boxed elementor-section-height-default elementor-section-height-default\" data-id=\"a251844\" data-element_type=\"section\" data-e-type=\"section\">\n\t\t\t\t\t\t<div class=\"elementor-container elementor-column-gap-default\">\n\t\t\t\t\t<div class=\"elementor-column elementor-col-100 elementor-top-column elementor-element elementor-element-001a243\" data-id=\"001a243\" data-element_type=\"column\" data-e-type=\"column\">\n\t\t\t<div class=\"elementor-widget-wrap elementor-element-populated\">\n\t\t\t\t\t\t<div class=\"elementor-element elementor-element-43cd811 elementor-widget elementor-widget-image\" data-id=\"43cd811\" data-element_type=\"widget\" data-e-type=\"widget\" data-widget_type=\"image.default\">\n\t\t\t\t<div class=\"elementor-widget-container\">\n\t\t\t\t\t\t\t\t\t\t\t\t\t\t\t<img fetchpriority=\"high\" decoding=\"async\" width=\"768\" height=\"1025\" src=\"https:\/\/mountloganlodge.com\/wp-content\/uploads\/2024\/06\/Liability-Sign-FR.jpg\" class=\"attachment-medium_large size-medium_large wp-image-3353\" alt=\"\" srcset=\"https:\/\/mountloganlodge.com\/wp-content\/uploads\/2024\/06\/Liability-Sign-FR.jpg 655w, https:\/\/mountloganlodge.com\/wp-content\/uploads\/2024\/06\/Liability-Sign-FR-224x300.jpg 224w, https:\/\/mountloganlodge.com\/wp-content\/uploads\/2024\/06\/Liability-Sign-FR-9x12.jpg 9w\" sizes=\"(max-width: 768px) 100vw, 768px\" \/>\t\t\t\t\t\t\t\t\t\t\t\t\t\t\t<\/div>\n\t\t\t\t<\/div>\n\t\t\t\t\t<\/div>\n\t\t<\/div>\n\t\t\t\t\t<\/div>\n\t\t<\/section>\n\t\t\t\t<\/div>","protected":false},"excerpt":{"rendered":"<p>When visiting the Lodge, you will encounter parking lots, trails and walkways, access roads, snowmobile trails, restauration and food preparation areas, and other facilities. You will come across signage throughout the premises that are important to respect and understand. Please pay close attention to all signage. It is present for the safety of both guests &#8230; <a title=\"S\u00c9CURIT\u00c9 DES INSTALLATIONS\" class=\"read-more\" href=\"https:\/\/mountloganlodge.com\/fr\/premises-safety\/\" aria-label=\"More on PREMISES SAFETY\">Read more<\/a><\/p>","protected":false},"author":8,"featured_media":0,"parent":0,"menu_order":15,"comment_status":"closed","ping_status":"closed","template":"","meta":{"_acf_changed":false,"_seopress_robots_primary_cat":"","_seopress_titles_title":"","_seopress_titles_desc":"","_seopress_robots_index":"","footnotes":""},"class_list":["post-3366","page","type-page","status-publish","hentry"],"acf":[],"_links":{"self":[{"href":"https:\/\/mountloganlodge.com\/fr\/wp-json\/wp\/v2\/pages\/3366","targetHints":{"allow":["GET"]}}],"collection":[{"href":"https:\/\/mountloganlodge.com\/fr\/wp-json\/wp\/v2\/pages"}],"about":[{"href":"https:\/\/mountloganlodge.com\/fr\/wp-json\/wp\/v2\/types\/page"}],"author":[{"embeddable":true,"href":"https:\/\/mountloganlodge.com\/fr\/wp-json\/wp\/v2\/users\/8"}],"replies":[{"embeddable":true,"href":"https:\/\/mountloganlodge.com\/fr\/wp-json\/wp\/v2\/comments?post=3366"}],"version-history":[{"count":8,"href":"https:\/\/mountloganlodge.com\/fr\/wp-json\/wp\/v2\/pages\/3366\/revisions"}],"predecessor-version":[{"id":3390,"href":"https:\/\/mountloganlodge.com\/fr\/wp-json\/wp\/v2\/pages\/3366\/revisions\/3390"}],"wp:attachment":[{"href":"https:\/\/mountloganlodge.com\/fr\/wp-json\/wp\/v2\/media?parent=3366"}],"curies":[{"name":"wp","href":"https:\/\/api.w.org\/{rel}","templated":true}]}}