{"id":3349,"date":"2022-06-24T18:17:17","date_gmt":"2022-06-24T18:17:17","guid":{"rendered":"https:\/\/mountloganlodge.com\/?page_id=3349"},"modified":"2022-06-24T18:17:19","modified_gmt":"2022-06-24T18:17:19","slug":"exclusion-of-liability-assumption-of-risk","status":"publish","type":"page","link":"https:\/\/mountloganlodge.com\/fr\/exclusion-of-liability-assumption-of-risk\/","title":{"rendered":"EXCLUSION DE RESPONSABILIT\u00c9 - ACCEPTATION DES RISQUES"},"content":{"rendered":"<div data-elementor-type=\"wp-page\" data-elementor-id=\"3349\" class=\"elementor elementor-3349\" data-elementor-post-type=\"page\">\n\t\t\t\t\t\t<section class=\"elementor-section elementor-top-section elementor-element elementor-element-a780ea1 elementor-section-boxed elementor-section-height-default elementor-section-height-default\" data-id=\"a780ea1\" data-element_type=\"section\" data-e-type=\"section\">\n\t\t\t\t\t\t<div class=\"elementor-container elementor-column-gap-default\">\n\t\t\t\t\t<div class=\"elementor-column elementor-col-100 elementor-top-column elementor-element elementor-element-7497117\" data-id=\"7497117\" data-element_type=\"column\" data-e-type=\"column\">\n\t\t\t<div class=\"elementor-widget-wrap elementor-element-populated\">\n\t\t\t\t\t\t<div class=\"elementor-element elementor-element-a986572 elementor-widget elementor-widget-heading\" data-id=\"a986572\" data-element_type=\"widget\" data-e-type=\"widget\" data-widget_type=\"heading.default\">\n\t\t\t\t<div class=\"elementor-widget-container\">\n\t\t\t\t\t<h2 class=\"elementor-heading-title elementor-size-default\">ACCEPTATION DES RISQUES<\/h2>\t\t\t\t<\/div>\n\t\t\t\t<\/div>\n\t\t\t\t\t<\/div>\n\t\t<\/div>\n\t\t\t\t\t<\/div>\n\t\t<\/section>\n\t\t\t\t<section class=\"elementor-section elementor-top-section elementor-element elementor-element-7332eb2 elementor-section-boxed elementor-section-height-default elementor-section-height-default\" data-id=\"7332eb2\" data-element_type=\"section\" data-e-type=\"section\">\n\t\t\t\t\t\t<div class=\"elementor-container elementor-column-gap-default\">\n\t\t\t\t\t<div class=\"elementor-column elementor-col-100 elementor-top-column elementor-element elementor-element-8702cab\" data-id=\"8702cab\" data-element_type=\"column\" data-e-type=\"column\">\n\t\t\t<div class=\"elementor-widget-wrap elementor-element-populated\">\n\t\t\t\t\t\t<div class=\"elementor-element elementor-element-3bd6685 elementor-widget elementor-widget-image\" data-id=\"3bd6685\" data-element_type=\"widget\" data-e-type=\"widget\" data-widget_type=\"image.default\">\n\t\t\t\t<div class=\"elementor-widget-container\">\n\t\t\t\t\t\t\t\t\t\t\t\t\t\t\t<img decoding=\"async\" data-src=\"https:\/\/mountloganlodge.com\/wp-content\/uploads\/2022\/06\/SR-350x100-1.png\" title=\"SR-350&#215;100\" alt=\"SR-350x100\" src=\"data:image\/svg+xml;base64,PHN2ZyB3aWR0aD0iMSIgaGVpZ2h0PSIxIiB4bWxucz0iaHR0cDovL3d3dy53My5vcmcvMjAwMC9zdmciPjwvc3ZnPg==\" class=\"lazyload\" style=\"--smush-placeholder-width: 350px; --smush-placeholder-aspect-ratio: 350\/100;\" \/>\t\t\t\t\t\t\t\t\t\t\t\t\t\t\t<\/div>\n\t\t\t\t<\/div>\n\t\t\t\t\t<\/div>\n\t\t<\/div>\n\t\t\t\t\t<\/div>\n\t\t<\/section>\n\t\t\t\t<section class=\"elementor-section elementor-top-section elementor-element elementor-element-5e1af6d elementor-section-boxed elementor-section-height-default elementor-section-height-default\" data-id=\"5e1af6d\" data-element_type=\"section\" data-e-type=\"section\">\n\t\t\t\t\t\t<div class=\"elementor-container elementor-column-gap-default\">\n\t\t\t\t\t<div class=\"elementor-column elementor-col-100 elementor-top-column elementor-element elementor-element-42e8875\" data-id=\"42e8875\" data-element_type=\"column\" data-e-type=\"column\">\n\t\t\t<div class=\"elementor-widget-wrap elementor-element-populated\">\n\t\t\t\t\t\t<div class=\"elementor-element elementor-element-0534946 elementor-widget elementor-widget-text-editor\" data-id=\"0534946\" data-element_type=\"widget\" data-e-type=\"widget\" data-widget_type=\"text-editor.default\">\n\t\t\t\t<div class=\"elementor-widget-container\">\n\t\t\t\t\t\t\t\t\t<p>Le terme <strong>&#8220;<\/strong><strong>H\u00e9bergement et activit\u00e9s en milieu sauvage<\/strong><strong>&#8220;<\/strong> d\u00e9signe toutes les activit\u00e9s, tous les h\u00e9bergements, le camping ou les nuit\u00e9es dans un lodge, des chalets ou en plein air, le transport, les \u00e9v\u00e9nements et les services fournis, organis\u00e9s, dirig\u00e9s, parrain\u00e9s ou autoris\u00e9s par les B\u00e9n\u00e9ficiaires de la renonciation, ainsi que toutes les activit\u00e9s de loisirs en plein air \u00e0 partir de la propri\u00e9t\u00e9 des B\u00e9n\u00e9ficiaires de la renonciation qui n'ont pas \u00e9t\u00e9 organis\u00e9es ou fournies par le B\u00e9n\u00e9ficiaire de la renonciation, et comprend, sans s'y limiter : le ski de fond, la motoneige, le v\u00e9lo, le tra\u00eeneau \u00e0 chiens, la randonn\u00e9e p\u00e9destre\/le backpacking, l'h\u00e9liski, les excursions en 4x4 en milieu sauvage, la p\u00eache\/la p\u00eache sur glace, le rafting, le cano\u00eb, la raquette et toute autre forme de voyage en arri\u00e8re-pays; la location ou l'utilisation de skis, de v\u00e9los ou d'autres \u00e9quipements; les d\u00e9monstrations; les cours d'orientation et d'instruction; le chargement, le d\u00e9chargement et le d\u00e9placement en h\u00e9licopt\u00e8re, en motoneige, en v\u00e9hicule \u00e0 moteur ou \u00e0 cheval; et d'autres activit\u00e9s, \u00e9v\u00e9nements et services li\u00e9s de quelque mani\u00e8re que ce soit \u00e0 l'h\u00e9bergement et aux activit\u00e9s en milieu sauvage.<\/p><p>L'h\u00e9bergement et les activit\u00e9s en milieu sauvage comportent de nombreux risques, y compris, mais sans s'y limiter : les d\u00e9placements sur des terrains extr\u00eames, en particulier les cr\u00eates \u00e9lev\u00e9es et expos\u00e9es, les pentes abruptes ou les endroits o\u00f9 le sentier ou la route est moins d\u00e9fini et donc accident\u00e9 ou instable; les d\u00e9placements dans des zones o\u00f9 du bois tomb\u00e9, des arbustes, des branches, des rochers, des racines ou d'autres obstacles ou dangers peuvent entraver le d\u00e9placement; les d\u00e9placements sur ou \u00e0 travers des champs de gravier ou de rochers, des couloirs d'avalanches et de glissements de terrain, des champs de neige et des glaciers; les d\u00e9placements \u00e0 travers ou \u00e0 c\u00f4t\u00e9 de ruisseaux, de rivi\u00e8res, d'\u00e9tangs et de lacs; les rencontres avec des animaux domestiques et sauvages, les changements ou variations soudains et inattendus du terrain de randonn\u00e9e; les collisions avec des v\u00e9hicules \u00e0 moteur et des objets naturels ou fabriqu\u00e9s par l'homme; divers probl\u00e8mes de sant\u00e9 li\u00e9s \u00e0 la surexposition au soleil, aux piq\u00fbres d'insectes, \u00e0 la fatigue, au stress, \u00e0 la d\u00e9shydratation, \u00e0 l'effort, \u00e0 l'altitude et au manque de forme physique. Les participants peuvent se perdre ou \u00eatre s\u00e9par\u00e9s de leur guide ou de leur groupe. La communication en terrain alpin ou en arri\u00e8re-pays est difficile et en cas d'accident, les secours et les traitements m\u00e9dicaux peuvent ne pas \u00eatre disponibles imm\u00e9diatement. Les conditions m\u00e9t\u00e9orologiques alpines et en arri\u00e8re-pays peuvent \u00eatre extr\u00eames et changer rapidement et sans avertissement. Risques \u00e9lectriques et d'incendie, risque de propagation d'incendie, br\u00fblures, exposition \u00e0 la fum\u00e9e de bois, exposition au monoxyde de carbone; conditions m\u00e9t\u00e9orologiques et temp\u00e9ratures extr\u00eames; dommages aux biens personnels ou aux v\u00e9hicules caus\u00e9s par les intemp\u00e9ries, les routes verglac\u00e9es ou des objets; utilisation d'outils, y compris des haches pour couper du bois; n\u00e9gligence d'autres personnes; usage de drogues et d'alcool; maladies infectieuses contract\u00e9es par des virus, des bact\u00e9ries, des parasites et des champignons qui peuvent \u00eatre transmis par contact direct ou indirect; d\u00e9faillance d'\u00e9quipement; premiers soins ou traitement m\u00e9dical n\u00e9gligents; n\u00e9gligence d'autres personnes, y compris d'autres clients.<\/p><p><strong>AVIS AUX MOTONEIGISTES<\/strong><strong> - RISQUE ACCRU<\/strong><\/p><p>La motoneige comporte de nombreux risques, dangers et al\u00e9as inh\u00e9rents, y compris, mais sans s'y limiter : les rochers expos\u00e9s, la terre, la glace ou d'autres objets naturels; les arbres, les puits d'arbres, les souches d'arbres, les d\u00e9bris forestiers; les trous et d\u00e9pressions sur ou sous la surface de la neige; les conditions de neige variables et difficiles; les changements ou variations du terrain qui peuvent cr\u00e9er des angles morts ou des zones de visibilit\u00e9 r\u00e9duite; les ruisseaux, les criques et les trous dans le manteau neigeux au-dessus des ruisseaux ou des criques; les falaises; les crevasses; les d\u00e9placements hivernaux sur les routes de l'arri\u00e8re-pays; les routes de motoneige, les talus et les bancs de neige; l'impact ou la collision avec d'autres motoneiges et v\u00e9hicules, le fait de se perdre ou d'\u00eatre s\u00e9par\u00e9 des guides ou d'autres participants; la d\u00e9faillance m\u00e9canique des motoneiges et des \u00e9quipements connexes; les conditions m\u00e9t\u00e9orologiques extr\u00eames et changeantes; la rencontre avec des animaux sauvages, y compris des ours, et les engelures et l'hypothermie.<\/p><p><strong>Votre responsabilit\u00e9 l\u00e9gale en tant qu'utilisateur des lieux et des installations ou participant aux activit\u00e9s fournies par l'op\u00e9rateur est expliqu\u00e9e dans l'avis suivant, que vous verrez affich\u00e9 sur les lieux.<\/strong><\/p>\t\t\t\t\t\t\t\t<\/div>\n\t\t\t\t<\/div>\n\t\t\t\t\t<\/div>\n\t\t<\/div>\n\t\t\t\t\t<\/div>\n\t\t<\/section>\n\t\t\t\t<section class=\"elementor-section elementor-top-section elementor-element elementor-element-e6eb7b2 elementor-section-boxed elementor-section-height-default elementor-section-height-default\" data-id=\"e6eb7b2\" data-element_type=\"section\" data-e-type=\"section\">\n\t\t\t\t\t\t<div class=\"elementor-container elementor-column-gap-default\">\n\t\t\t\t\t<div class=\"elementor-column elementor-col-100 elementor-top-column elementor-element elementor-element-125049e\" data-id=\"125049e\" data-element_type=\"column\" data-e-type=\"column\">\n\t\t\t<div class=\"elementor-widget-wrap elementor-element-populated\">\n\t\t\t\t\t\t<div class=\"elementor-element elementor-element-86d59c9 elementor-widget elementor-widget-image\" data-id=\"86d59c9\" data-element_type=\"widget\" data-e-type=\"widget\" data-widget_type=\"image.default\">\n\t\t\t\t<div class=\"elementor-widget-container\">\n\t\t\t\t\t\t\t\t\t\t\t\t\t\t\t<img fetchpriority=\"high\" decoding=\"async\" width=\"768\" height=\"1025\" src=\"https:\/\/mountloganlodge.com\/wp-content\/uploads\/2024\/06\/Liability-Sign-FR.jpg\" class=\"attachment-medium_large size-medium_large wp-image-3353\" alt=\"\" srcset=\"https:\/\/mountloganlodge.com\/wp-content\/uploads\/2024\/06\/Liability-Sign-FR.jpg 655w, https:\/\/mountloganlodge.com\/wp-content\/uploads\/2024\/06\/Liability-Sign-FR-224x300.jpg 224w, https:\/\/mountloganlodge.com\/wp-content\/uploads\/2024\/06\/Liability-Sign-FR-9x12.jpg 9w\" sizes=\"(max-width: 768px) 100vw, 768px\" \/>\t\t\t\t\t\t\t\t\t\t\t\t\t\t\t<\/div>\n\t\t\t\t<\/div>\n\t\t\t\t\t<\/div>\n\t\t<\/div>\n\t\t\t\t\t<\/div>\n\t\t<\/section>\n\t\t\t\t<\/div>","protected":false},"excerpt":{"rendered":"<p>ASSUMPTION OF RISK the term &#8220;Accommodations and Wilderness Activities&#8220; shall include all activities, all accommodations, multi-day camping or overnight stays in a lodge, cabins or the outdoors, transportation, events and services provided, arranged, organized, conducted, sponsored or authorized by the Releasees, and all outdoor recreation from the Releasees property which was not arranged, organized, or &#8230; <a title=\"EXCLUSION DE RESPONSABILIT\u00c9 - ACCEPTATION DES RISQUES\" class=\"read-more\" href=\"https:\/\/mountloganlodge.com\/fr\/exclusion-of-liability-assumption-of-risk\/\" aria-label=\"More on EXCLUSION OF LIABILITY \u2013 ASSUMPTION OF RISK\">Read more<\/a><\/p>","protected":false},"author":8,"featured_media":0,"parent":0,"menu_order":13,"comment_status":"closed","ping_status":"closed","template":"","meta":{"_acf_changed":false,"_seopress_robots_primary_cat":"","_seopress_titles_title":"","_seopress_titles_desc":"","_seopress_robots_index":"","footnotes":""},"class_list":["post-3349","page","type-page","status-publish","hentry"],"acf":[],"_links":{"self":[{"href":"https:\/\/mountloganlodge.com\/fr\/wp-json\/wp\/v2\/pages\/3349","targetHints":{"allow":["GET"]}}],"collection":[{"href":"https:\/\/mountloganlodge.com\/fr\/wp-json\/wp\/v2\/pages"}],"about":[{"href":"https:\/\/mountloganlodge.com\/fr\/wp-json\/wp\/v2\/types\/page"}],"author":[{"embeddable":true,"href":"https:\/\/mountloganlodge.com\/fr\/wp-json\/wp\/v2\/users\/8"}],"replies":[{"embeddable":true,"href":"https:\/\/mountloganlodge.com\/fr\/wp-json\/wp\/v2\/comments?post=3349"}],"version-history":[{"count":8,"href":"https:\/\/mountloganlodge.com\/fr\/wp-json\/wp\/v2\/pages\/3349\/revisions"}],"predecessor-version":[{"id":3388,"href":"https:\/\/mountloganlodge.com\/fr\/wp-json\/wp\/v2\/pages\/3349\/revisions\/3388"}],"wp:attachment":[{"href":"https:\/\/mountloganlodge.com\/fr\/wp-json\/wp\/v2\/media?parent=3349"}],"curies":[{"name":"wp","href":"https:\/\/api.w.org\/{rel}","templated":true}]}}