{"id":3282,"date":"2022-06-24T18:17:44","date_gmt":"2022-06-24T18:17:44","guid":{"rendered":"https:\/\/mountloganlodge.com\/?page_id=3282"},"modified":"2024-04-16T21:14:48","modified_gmt":"2024-04-16T21:14:48","slug":"accomodations-and-activities-release-agreement","status":"publish","type":"page","link":"https:\/\/mountloganlodge.com\/fr\/accomodations-and-activities-release-agreement\/","title":{"rendered":"Accord d'exon\u00e9ration de responsabilit\u00e9 pour l'h\u00e9bergement et les activit\u00e9s en milieu sauvage"},"content":{"rendered":"<div data-elementor-type=\"wp-page\" data-elementor-id=\"3282\" class=\"elementor elementor-3282\" data-elementor-post-type=\"page\">\n\t\t\t\t\t\t<section class=\"elementor-section elementor-top-section elementor-element elementor-element-7677ad5 elementor-section-boxed elementor-section-height-default elementor-section-height-default\" data-id=\"7677ad5\" data-element_type=\"section\" data-e-type=\"section\">\n\t\t\t\t\t\t<div class=\"elementor-container elementor-column-gap-default\">\n\t\t\t\t\t<div class=\"elementor-column elementor-col-100 elementor-top-column elementor-element elementor-element-3425fce\" data-id=\"3425fce\" data-element_type=\"column\" data-e-type=\"column\">\n\t\t\t<div class=\"elementor-widget-wrap elementor-element-populated\">\n\t\t\t\t\t\t<div class=\"elementor-element elementor-element-677001a elementor-widget elementor-widget-text-editor\" data-id=\"677001a\" data-element_type=\"widget\" data-e-type=\"widget\" data-widget_type=\"text-editor.default\">\n\t\t\t\t<div class=\"elementor-widget-container\">\n\t\t\t\t\t\t\t\t\t<p>Il vous sera demand\u00e9 de signer un Accord d'exon\u00e9ration de responsabilit\u00e9 pour l'h\u00e9bergement et les activit\u00e9s en milieu sauvage, qui vise \u00e0 d\u00e9crire les risques, dangers et al\u00e9as associ\u00e9s \u00e0 l'h\u00e9bergement et aux activit\u00e9s en milieu sauvage ET vous demande de reconna\u00eetre ces risques et d'accepter le fait que des blessures et la mort sont des possibilit\u00e9s lors de la participation \u00e0 des activit\u00e9s en milieu sauvage<\/p><p>Voici une copie de l'Accord d'exon\u00e9ration de responsabilit\u00e9 pour l'h\u00e9bergement et les activit\u00e9s en milieu sauvage que vous serez invit\u00e9 \u00e0 signer\u00a0: <span style=\"color: #0000f2;\"><a style=\"color: #0000f2; text-decoration: underline;\" href=\"https:\/\/mountloganlodge.com\/wp-content\/uploads\/2024\/06\/20240415_Mount-Logan-Expeditions_WAIVER_fr.pdf\">Accord d'exon\u00e9ration de responsabilit\u00e9 pour l'h\u00e9bergement et les activit\u00e9s en milieu sauvage<\/a>\u00a0<\/span><\/p>\t\t\t\t\t\t\t\t<\/div>\n\t\t\t\t<\/div>\n\t\t\t\t\t<\/div>\n\t\t<\/div>\n\t\t\t\t\t<\/div>\n\t\t<\/section>\n\t\t\t\t<section class=\"elementor-section elementor-top-section elementor-element elementor-element-33914d0 elementor-section-boxed elementor-section-height-default elementor-section-height-default\" data-id=\"33914d0\" data-element_type=\"section\" data-e-type=\"section\">\n\t\t\t\t\t\t<div class=\"elementor-container elementor-column-gap-default\">\n\t\t\t\t\t<div class=\"elementor-column elementor-col-100 elementor-top-column elementor-element elementor-element-21a4798\" data-id=\"21a4798\" data-element_type=\"column\" data-e-type=\"column\">\n\t\t\t<div class=\"elementor-widget-wrap\">\n\t\t\t\t\t\t\t<\/div>\n\t\t<\/div>\n\t\t\t\t\t<\/div>\n\t\t<\/section>\n\t\t\t\t<section class=\"elementor-section elementor-top-section elementor-element elementor-element-f45e8b9 elementor-section-boxed elementor-section-height-default elementor-section-height-default\" data-id=\"f45e8b9\" data-element_type=\"section\" data-e-type=\"section\">\n\t\t\t\t\t\t<div class=\"elementor-container elementor-column-gap-default\">\n\t\t\t\t\t<div class=\"elementor-column elementor-col-100 elementor-top-column elementor-element elementor-element-e4db5f5\" data-id=\"e4db5f5\" data-element_type=\"column\" data-e-type=\"column\">\n\t\t\t<div class=\"elementor-widget-wrap elementor-element-populated\">\n\t\t\t\t\t\t<div class=\"elementor-element elementor-element-59e436c elementor-widget__width-initial elementor-widget elementor-widget-image\" data-id=\"59e436c\" data-element_type=\"widget\" data-e-type=\"widget\" data-widget_type=\"image.default\">\n\t\t\t\t<div class=\"elementor-widget-container\">\n\t\t\t\t\t\t\t\t\t\t\t\t\t\t\t<img fetchpriority=\"high\" decoding=\"async\" width=\"613\" height=\"1024\" src=\"https:\/\/mountloganlodge.com\/wp-content\/uploads\/2024\/06\/20240415_MLE_Waiver_FR_p1.png\" class=\"attachment-large size-large wp-image-4068\" alt=\"\" srcset=\"https:\/\/mountloganlodge.com\/wp-content\/uploads\/2024\/06\/20240415_MLE_Waiver_FR_p1.png 1100w, https:\/\/mountloganlodge.com\/wp-content\/uploads\/2024\/06\/20240415_MLE_Waiver_FR_p1-186x300.png 186w, https:\/\/mountloganlodge.com\/wp-content\/uploads\/2024\/06\/20240415_MLE_Waiver_FR_p1-634x1024.png 634w, https:\/\/mountloganlodge.com\/wp-content\/uploads\/2024\/06\/20240415_MLE_Waiver_FR_p1-768x1241.png 768w, https:\/\/mountloganlodge.com\/wp-content\/uploads\/2024\/06\/20240415_MLE_Waiver_FR_p1-950x1536.png 950w, https:\/\/mountloganlodge.com\/wp-content\/uploads\/2024\/06\/20240415_MLE_Waiver_FR_p1-7x12.png 7w\" sizes=\"(max-width: 613px) 100vw, 613px\" \/>\t\t\t\t\t\t\t\t\t\t\t\t\t\t\t<\/div>\n\t\t\t\t<\/div>\n\t\t\t\t<div class=\"elementor-element elementor-element-a0a7156 elementor-widget elementor-widget-image\" data-id=\"a0a7156\" data-element_type=\"widget\" data-e-type=\"widget\" data-widget_type=\"image.default\">\n\t\t\t\t<div class=\"elementor-widget-container\">\n\t\t\t\t\t\t\t\t\t\t\t\t\t\t\t<img decoding=\"async\" width=\"616\" height=\"1024\" data-src=\"https:\/\/mountloganlodge.com\/wp-content\/uploads\/2024\/06\/20240415_MLE_Waiver_FR_p2.png\" class=\"attachment-large size-large wp-image-4069 lazyload\" alt=\"\" data-srcset=\"https:\/\/mountloganlodge.com\/wp-content\/uploads\/2024\/06\/20240415_MLE_Waiver_FR_p2.png 1125w, https:\/\/mountloganlodge.com\/wp-content\/uploads\/2024\/06\/20240415_MLE_Waiver_FR_p2-183x300.png 183w, https:\/\/mountloganlodge.com\/wp-content\/uploads\/2024\/06\/20240415_MLE_Waiver_FR_p2-625x1024.png 625w, https:\/\/mountloganlodge.com\/wp-content\/uploads\/2024\/06\/20240415_MLE_Waiver_FR_p2-768x1259.png 768w, https:\/\/mountloganlodge.com\/wp-content\/uploads\/2024\/06\/20240415_MLE_Waiver_FR_p2-937x1536.png 937w, https:\/\/mountloganlodge.com\/wp-content\/uploads\/2024\/06\/20240415_MLE_Waiver_FR_p2-7x12.png 7w\" data-sizes=\"(max-width: 616px) 100vw, 616px\" src=\"data:image\/svg+xml;base64,PHN2ZyB3aWR0aD0iMSIgaGVpZ2h0PSIxIiB4bWxucz0iaHR0cDovL3d3dy53My5vcmcvMjAwMC9zdmciPjwvc3ZnPg==\" style=\"--smush-placeholder-width: 616px; --smush-placeholder-aspect-ratio: 616\/1024;\" \/>\t\t\t\t\t\t\t\t\t\t\t\t\t\t\t<\/div>\n\t\t\t\t<\/div>\n\t\t\t\t\t<\/div>\n\t\t<\/div>\n\t\t\t\t\t<\/div>\n\t\t<\/section>\n\t\t\t\t<\/div>","protected":false},"excerpt":{"rendered":"<p>You will be asked to sign an Accomodations and Wilderness Activities Release Agreement, which is intended to describe the risks, dangers, and hazards that are associated with wilderness Accomodations and Activities AND asks you to acknowledge these risks and accept the fact that injuries and death are possibilities while participating in wilderness activities. This is &#8230; <a title=\"Accord d&#039;exon\u00e9ration de responsabilit\u00e9 pour l&#039;h\u00e9bergement et les activit\u00e9s en milieu sauvage\" class=\"read-more\" href=\"https:\/\/mountloganlodge.com\/fr\/accomodations-and-activities-release-agreement\/\" aria-label=\"More on Accomodations and Activities Release Agreement\">Read more<\/a><\/p>","protected":false},"author":8,"featured_media":0,"parent":0,"menu_order":14,"comment_status":"closed","ping_status":"closed","template":"","meta":{"_acf_changed":false,"_seopress_robots_primary_cat":"","_seopress_titles_title":"","_seopress_titles_desc":"","_seopress_robots_index":"","footnotes":""},"class_list":["post-3282","page","type-page","status-publish","hentry"],"acf":[],"_links":{"self":[{"href":"https:\/\/mountloganlodge.com\/fr\/wp-json\/wp\/v2\/pages\/3282","targetHints":{"allow":["GET"]}}],"collection":[{"href":"https:\/\/mountloganlodge.com\/fr\/wp-json\/wp\/v2\/pages"}],"about":[{"href":"https:\/\/mountloganlodge.com\/fr\/wp-json\/wp\/v2\/types\/page"}],"author":[{"embeddable":true,"href":"https:\/\/mountloganlodge.com\/fr\/wp-json\/wp\/v2\/users\/8"}],"replies":[{"embeddable":true,"href":"https:\/\/mountloganlodge.com\/fr\/wp-json\/wp\/v2\/comments?post=3282"}],"version-history":[{"count":10,"href":"https:\/\/mountloganlodge.com\/fr\/wp-json\/wp\/v2\/pages\/3282\/revisions"}],"predecessor-version":[{"id":4078,"href":"https:\/\/mountloganlodge.com\/fr\/wp-json\/wp\/v2\/pages\/3282\/revisions\/4078"}],"wp:attachment":[{"href":"https:\/\/mountloganlodge.com\/fr\/wp-json\/wp\/v2\/media?parent=3282"}],"curies":[{"name":"wp","href":"https:\/\/api.w.org\/{rel}","templated":true}]}}