{"id":3272,"date":"2022-06-24T18:16:38","date_gmt":"2022-06-24T18:16:38","guid":{"rendered":"https:\/\/mountloganlodge.com\/?page_id=3272"},"modified":"2022-07-13T22:16:39","modified_gmt":"2022-07-13T22:16:39","slug":"safety-risk-awareness","status":"publish","type":"page","link":"https:\/\/mountloganlodge.com\/fr\/safety-risk-awareness\/","title":{"rendered":"S\u00e9curit\u00e9 et Sensibilisation aux Risques"},"content":{"rendered":"<div data-elementor-type=\"wp-page\" data-elementor-id=\"3272\" class=\"elementor elementor-3272\" data-elementor-post-type=\"page\">\n\t\t\t\t\t\t<section class=\"elementor-section elementor-top-section elementor-element elementor-element-29e8a83 elementor-section-boxed elementor-section-height-default elementor-section-height-default\" data-id=\"29e8a83\" data-element_type=\"section\" data-e-type=\"section\">\n\t\t\t\t\t\t<div class=\"elementor-container elementor-column-gap-default\">\n\t\t\t\t\t<div class=\"elementor-column elementor-col-100 elementor-top-column elementor-element elementor-element-a4ede74\" data-id=\"a4ede74\" data-element_type=\"column\" data-e-type=\"column\">\n\t\t\t<div class=\"elementor-widget-wrap elementor-element-populated\">\n\t\t\t\t\t\t<div class=\"elementor-element elementor-element-30c7b8c elementor-widget elementor-widget-image\" data-id=\"30c7b8c\" data-element_type=\"widget\" data-e-type=\"widget\" data-widget_type=\"image.default\">\n\t\t\t\t<div class=\"elementor-widget-container\">\n\t\t\t\t\t\t\t\t\t\t\t\t\t\t\t<img decoding=\"async\" data-src=\"https:\/\/mountloganlodge.com\/wp-content\/uploads\/2022\/06\/SR-350x100-1.png\" title=\"SR-350&#215;100\" alt=\"SR-350x100\" src=\"data:image\/svg+xml;base64,PHN2ZyB3aWR0aD0iMSIgaGVpZ2h0PSIxIiB4bWxucz0iaHR0cDovL3d3dy53My5vcmcvMjAwMC9zdmciPjwvc3ZnPg==\" class=\"lazyload\" style=\"--smush-placeholder-width: 350px; --smush-placeholder-aspect-ratio: 350\/100;\" \/>\t\t\t\t\t\t\t\t\t\t\t\t\t\t\t<\/div>\n\t\t\t\t<\/div>\n\t\t\t\t\t<\/div>\n\t\t<\/div>\n\t\t\t\t\t<\/div>\n\t\t<\/section>\n\t\t\t\t<section class=\"elementor-section elementor-top-section elementor-element elementor-element-963af07 elementor-section-boxed elementor-section-height-default elementor-section-height-default\" data-id=\"963af07\" data-element_type=\"section\" data-e-type=\"section\">\n\t\t\t\t\t\t<div class=\"elementor-container elementor-column-gap-default\">\n\t\t\t\t\t<div class=\"elementor-column elementor-col-100 elementor-top-column elementor-element elementor-element-73843b4\" data-id=\"73843b4\" data-element_type=\"column\" data-e-type=\"column\">\n\t\t\t<div class=\"elementor-widget-wrap elementor-element-populated\">\n\t\t\t\t\t\t<div class=\"elementor-element elementor-element-db2462a elementor-widget elementor-widget-heading\" data-id=\"db2462a\" data-element_type=\"widget\" data-e-type=\"widget\" data-widget_type=\"heading.default\">\n\t\t\t\t<div class=\"elementor-widget-container\">\n\t\t\t\t\t<h2 class=\"elementor-heading-title elementor-size-medium\"><span style=\"font-family: Roboto;font-size: 32px;font-weight: 700;letter-spacing: -0.25px;text-align: center\">Les activit\u00e9s qui se d\u00e9roulent en milieu sauvage comportent des risques de blessures. Les informations contenues dans la section S\u00e9curit\u00e9 et sensibilisation aux risques de ce site web ont pour but de vous informer des risques, dangers et al\u00e9as que vous pourriez rencontrer lors de randonn\u00e9es, rafting, raquette, p\u00eache, cano\u00eb ou lors de votre s\u00e9jour dans nos installations, et de vous aider \u00e0 rester en s\u00e9curit\u00e9 tout en profitant de ces activit\u00e9s. <\/span><\/h2>\t\t\t\t<\/div>\n\t\t\t\t<\/div>\n\t\t\t\t\t<\/div>\n\t\t<\/div>\n\t\t\t\t\t<\/div>\n\t\t<\/section>\n\t\t\t\t<section class=\"elementor-section elementor-top-section elementor-element elementor-element-09a2385 elementor-section-boxed elementor-section-height-default elementor-section-height-default\" data-id=\"09a2385\" data-element_type=\"section\" data-e-type=\"section\">\n\t\t\t\t\t\t<div class=\"elementor-container elementor-column-gap-default\">\n\t\t\t\t\t<div class=\"elementor-column elementor-col-100 elementor-top-column elementor-element elementor-element-8d444eb\" data-id=\"8d444eb\" data-element_type=\"column\" data-e-type=\"column\">\n\t\t\t<div class=\"elementor-widget-wrap elementor-element-populated\">\n\t\t\t\t\t\t<div class=\"elementor-element elementor-element-43bb7e9 elementor-widget elementor-widget-text-editor\" data-id=\"43bb7e9\" data-element_type=\"widget\" data-e-type=\"widget\" data-widget_type=\"text-editor.default\">\n\t\t\t\t<div class=\"elementor-widget-container\">\n\t\t\t\t\t\t\t\t\t<p style=\"text-align: center;\">QUE VOUS SOYEZ PARTICIPANT \u00c0 CES ACTIVIT\u00c9S OU PARENT OU TUTEUR D'UN PARTICIPANT MINEUR, VEUILLEZ PRENDRE LE TEMPS DE VOUS FAMILIARISER AVEC LES INFORMATIONS DE S\u00c9CURIT\u00c9 ET DE SENSIBILISATION AUX RISQUES PR\u00c9SENT\u00c9ES SUR CE SITE WEB.<\/p>\t\t\t\t\t\t\t\t<\/div>\n\t\t\t\t<\/div>\n\t\t\t\t\t<\/div>\n\t\t<\/div>\n\t\t\t\t\t<\/div>\n\t\t<\/section>\n\t\t\t\t<section class=\"elementor-section elementor-top-section elementor-element elementor-element-66a29c6 elementor-section-boxed elementor-section-height-default elementor-section-height-default\" data-id=\"66a29c6\" data-element_type=\"section\" data-e-type=\"section\">\n\t\t\t\t\t\t<div class=\"elementor-container elementor-column-gap-default\">\n\t\t\t\t\t<div class=\"elementor-column elementor-col-33 elementor-top-column elementor-element elementor-element-84cdcd7\" data-id=\"84cdcd7\" data-element_type=\"column\" data-e-type=\"column\">\n\t\t\t<div class=\"elementor-widget-wrap elementor-element-populated\">\n\t\t\t\t\t\t<div class=\"elementor-element elementor-element-81ee7f0 elementor-widget elementor-widget-image\" data-id=\"81ee7f0\" data-element_type=\"widget\" data-e-type=\"widget\" data-widget_type=\"image.default\">\n\t\t\t\t<div class=\"elementor-widget-container\">\n\t\t\t\t\t\t\t\t\t\t\t\t\t\t\t\t<a href=\"https:\/\/mountloganlodge.com\/fr\/exclusion-of-liability--assumption-of-risk\/\">\n\t\t\t\t\t\t\t<img fetchpriority=\"high\" decoding=\"async\" width=\"246\" height=\"246\" src=\"https:\/\/mountloganlodge.com\/wp-content\/uploads\/2022\/06\/RISK-SYMBOL-sf.png\" class=\"attachment-full size-full wp-image-3335\" alt=\"\" srcset=\"https:\/\/mountloganlodge.com\/wp-content\/uploads\/2022\/06\/RISK-SYMBOL-sf.png 246w, https:\/\/mountloganlodge.com\/wp-content\/uploads\/2022\/06\/RISK-SYMBOL-sf-150x150.png 150w\" sizes=\"(max-width: 246px) 100vw, 246px\" \/>\t\t\t\t\t\t\t\t<\/a>\n\t\t\t\t\t\t\t\t\t\t\t\t\t\t\t<\/div>\n\t\t\t\t<\/div>\n\t\t\t\t\t<\/div>\n\t\t<\/div>\n\t\t\t\t<div class=\"elementor-column elementor-col-33 elementor-top-column elementor-element elementor-element-dc066c7\" data-id=\"dc066c7\" data-element_type=\"column\" data-e-type=\"column\">\n\t\t\t<div class=\"elementor-widget-wrap elementor-element-populated\">\n\t\t\t\t\t\t<div class=\"elementor-element elementor-element-f1a50ae elementor-widget__width-inherit elementor-widget elementor-widget-image\" data-id=\"f1a50ae\" data-element_type=\"widget\" data-e-type=\"widget\" data-widget_type=\"image.default\">\n\t\t\t\t<div class=\"elementor-widget-container\">\n\t\t\t\t\t\t\t\t\t\t\t\t\t\t\t\t<a href=\"https:\/\/mountloganlodge.com\/fr\/accomodation-and-activities-release-agreement\/\">\n\t\t\t\t\t\t\t<img decoding=\"async\" data-src=\"https:\/\/mountloganlodge.com\/wp-content\/uploads\/elementor\/thumbs\/AdobeStock_351013856_Waiver-quorur69jr03vqo6k4yc8yyxc2gbt1jylqdvv3yd14.png\" title=\"AdobeStock_351013856_Waiver\" alt=\"AdobeStock_351013856_Waiver\" src=\"data:image\/svg+xml;base64,PHN2ZyB3aWR0aD0iMSIgaGVpZ2h0PSIxIiB4bWxucz0iaHR0cDovL3d3dy53My5vcmcvMjAwMC9zdmciPjwvc3ZnPg==\" class=\"lazyload\" style=\"--smush-placeholder-width: 268px; --smush-placeholder-aspect-ratio: 268\/268;\" \/>\t\t\t\t\t\t\t\t<\/a>\n\t\t\t\t\t\t\t\t\t\t\t\t\t\t\t<\/div>\n\t\t\t\t<\/div>\n\t\t\t\t\t<\/div>\n\t\t<\/div>\n\t\t\t\t<div class=\"elementor-column elementor-col-33 elementor-top-column elementor-element elementor-element-35d3dcd\" data-id=\"35d3dcd\" data-element_type=\"column\" data-e-type=\"column\">\n\t\t\t<div class=\"elementor-widget-wrap elementor-element-populated\">\n\t\t\t\t\t\t<div class=\"elementor-element elementor-element-a2f0381 elementor-widget elementor-widget-image\" data-id=\"a2f0381\" data-element_type=\"widget\" data-e-type=\"widget\" data-widget_type=\"image.default\">\n\t\t\t\t<div class=\"elementor-widget-container\">\n\t\t\t\t\t\t\t\t\t\t\t\t\t\t\t\t<a href=\"https:\/\/mountloganlodge.com\/fr\/premises-safety\/\">\n\t\t\t\t\t\t\t<img decoding=\"async\" width=\"300\" height=\"300\" data-src=\"https:\/\/mountloganlodge.com\/wp-content\/uploads\/2022\/06\/Diff.-angle-lodge-face-night-300x300.jpg\" class=\"attachment-medium size-medium wp-image-3276 lazyload\" alt=\"\" data-srcset=\"https:\/\/mountloganlodge.com\/wp-content\/uploads\/2022\/06\/Diff.-angle-lodge-face-night-300x300.jpg 300w, https:\/\/mountloganlodge.com\/wp-content\/uploads\/2022\/06\/Diff.-angle-lodge-face-night-1024x1024.jpg 1024w, https:\/\/mountloganlodge.com\/wp-content\/uploads\/2022\/06\/Diff.-angle-lodge-face-night-150x150.jpg 150w, https:\/\/mountloganlodge.com\/wp-content\/uploads\/2022\/06\/Diff.-angle-lodge-face-night-768x768.jpg 768w, https:\/\/mountloganlodge.com\/wp-content\/uploads\/2022\/06\/Diff.-angle-lodge-face-night-1536x1536.jpg 1536w, https:\/\/mountloganlodge.com\/wp-content\/uploads\/2022\/06\/Diff.-angle-lodge-face-night.jpg 1706w\" data-sizes=\"(max-width: 300px) 100vw, 300px\" src=\"data:image\/svg+xml;base64,PHN2ZyB3aWR0aD0iMSIgaGVpZ2h0PSIxIiB4bWxucz0iaHR0cDovL3d3dy53My5vcmcvMjAwMC9zdmciPjwvc3ZnPg==\" style=\"--smush-placeholder-width: 300px; --smush-placeholder-aspect-ratio: 300\/300;\" \/>\t\t\t\t\t\t\t\t<\/a>\n\t\t\t\t\t\t\t\t\t\t\t\t\t\t\t<\/div>\n\t\t\t\t<\/div>\n\t\t\t\t\t<\/div>\n\t\t<\/div>\n\t\t\t\t\t<\/div>\n\t\t<\/section>\n\t\t\t\t<section class=\"elementor-section elementor-top-section elementor-element elementor-element-68bcc97 elementor-section-boxed elementor-section-height-default elementor-section-height-default\" data-id=\"68bcc97\" data-element_type=\"section\" data-e-type=\"section\">\n\t\t\t\t\t\t<div class=\"elementor-container elementor-column-gap-default\">\n\t\t\t\t\t<div class=\"elementor-column elementor-col-33 elementor-top-column elementor-element elementor-element-4eb7590\" data-id=\"4eb7590\" data-element_type=\"column\" data-e-type=\"column\">\n\t\t\t<div class=\"elementor-widget-wrap elementor-element-populated\">\n\t\t\t\t\t\t<div class=\"elementor-element elementor-element-3a87d1f elementor-widget elementor-widget-text-editor\" data-id=\"3a87d1f\" data-element_type=\"widget\" data-e-type=\"widget\" data-widget_type=\"text-editor.default\">\n\t\t\t\t<div class=\"elementor-widget-container\">\n\t\t\t\t\t\t\t\t\t<p style=\"text-align: center;\"><a href=\"https:\/\/mountloganlodge.com\/fr\/exclusion-of-liability--assumption-of-risk\/\"><strong>EXCLUSION DE RESPONSABILIT\u00c9 - ACCEPTATION DES RISQUES<\/strong><\/a><\/p>\t\t\t\t\t\t\t\t<\/div>\n\t\t\t\t<\/div>\n\t\t\t\t\t<\/div>\n\t\t<\/div>\n\t\t\t\t<div class=\"elementor-column elementor-col-33 elementor-top-column elementor-element elementor-element-d68ba1e\" data-id=\"d68ba1e\" data-element_type=\"column\" data-e-type=\"column\">\n\t\t\t<div class=\"elementor-widget-wrap elementor-element-populated\">\n\t\t\t\t\t\t<div class=\"elementor-element elementor-element-c8b172b elementor-widget elementor-widget-text-editor\" data-id=\"c8b172b\" data-element_type=\"widget\" data-e-type=\"widget\" data-widget_type=\"text-editor.default\">\n\t\t\t\t<div class=\"elementor-widget-container\">\n\t\t\t\t\t\t\t\t\t<p style=\"text-align: center;\"><a href=\"https:\/\/mountloganlodge.com\/fr\/accomodations-and-activities-release-agreement\/\"><strong>ACCEPTATION DES RISQUES LI\u00c9S \u00c0 L'H\u00c9BERGEMENT ET AUX ACTIVIT\u00c9S EN MILIEU SAUVAGE<\/strong><\/a><\/p>\t\t\t\t\t\t\t\t<\/div>\n\t\t\t\t<\/div>\n\t\t\t\t\t<\/div>\n\t\t<\/div>\n\t\t\t\t<div class=\"elementor-column elementor-col-33 elementor-top-column elementor-element elementor-element-6d65dfe\" data-id=\"6d65dfe\" data-element_type=\"column\" data-e-type=\"column\">\n\t\t\t<div class=\"elementor-widget-wrap elementor-element-populated\">\n\t\t\t\t\t\t<div class=\"elementor-element elementor-element-c11e71c elementor-widget elementor-widget-text-editor\" data-id=\"c11e71c\" data-element_type=\"widget\" data-e-type=\"widget\" data-widget_type=\"text-editor.default\">\n\t\t\t\t<div class=\"elementor-widget-container\">\n\t\t\t\t\t\t\t\t\t<p style=\"text-align: center;\"><a href=\"https:\/\/mountloganlodge.com\/fr\/premises-safety\/\"><strong>S\u00c9CURIT\u00c9 DES INSTALLATIONS<\/strong><\/a><\/p>\t\t\t\t\t\t\t\t<\/div>\n\t\t\t\t<\/div>\n\t\t\t\t\t<\/div>\n\t\t<\/div>\n\t\t\t\t\t<\/div>\n\t\t<\/section>\n\t\t\t\t<\/div>","protected":false},"excerpt":{"rendered":"<p>Activities that take place in wilderness areas, involve the risk of injury. The information contained in the Safety &amp; Risk Awareness section of this website is intended to inform you of the risks, dangers and hazards you may encounter while hiking, rafting, snowshoeing, fishing, canoeing or staying at our premises, and to help you stay &#8230; <a title=\"Safety &#038; Risk Awareness\" class=\"read-more\" href=\"https:\/\/mountloganlodge.com\/fr\/safety-risk-awareness\/\" aria-label=\"More on Safety &#038; Risk Awareness\">Read more<\/a><\/p>","protected":false},"author":8,"featured_media":0,"parent":0,"menu_order":12,"comment_status":"closed","ping_status":"closed","template":"","meta":{"_acf_changed":false,"_seopress_robots_primary_cat":"","_seopress_titles_title":"","_seopress_titles_desc":"","_seopress_robots_index":"","footnotes":""},"class_list":["post-3272","page","type-page","status-publish","hentry"],"acf":[],"_links":{"self":[{"href":"https:\/\/mountloganlodge.com\/fr\/wp-json\/wp\/v2\/pages\/3272","targetHints":{"allow":["GET"]}}],"collection":[{"href":"https:\/\/mountloganlodge.com\/fr\/wp-json\/wp\/v2\/pages"}],"about":[{"href":"https:\/\/mountloganlodge.com\/fr\/wp-json\/wp\/v2\/types\/page"}],"author":[{"embeddable":true,"href":"https:\/\/mountloganlodge.com\/fr\/wp-json\/wp\/v2\/users\/8"}],"replies":[{"embeddable":true,"href":"https:\/\/mountloganlodge.com\/fr\/wp-json\/wp\/v2\/comments?post=3272"}],"version-history":[{"count":10,"href":"https:\/\/mountloganlodge.com\/fr\/wp-json\/wp\/v2\/pages\/3272\/revisions"}],"predecessor-version":[{"id":3419,"href":"https:\/\/mountloganlodge.com\/fr\/wp-json\/wp\/v2\/pages\/3272\/revisions\/3419"}],"wp:attachment":[{"href":"https:\/\/mountloganlodge.com\/fr\/wp-json\/wp\/v2\/media?parent=3272"}],"curies":[{"name":"wp","href":"https:\/\/api.w.org\/{rel}","templated":true}]}}