{"id":1746,"date":"2021-02-13T13:21:16","date_gmt":"2021-02-13T13:21:16","guid":{"rendered":"https:\/\/mountloganlodge.com\/?page_id=1746"},"modified":"2025-02-17T03:26:54","modified_gmt":"2025-02-17T03:26:54","slug":"lodge","status":"publish","type":"page","link":"https:\/\/mountloganlodge.com\/fr\/lodge\/","title":{"rendered":"Nos installations"},"content":{"rendered":"<h2 class=\"wp-block-heading\">Mount Logan Ecolodge - Un oasis au coeur d\u2019une nature sauvage<\/h2>\n\n\n\n<p>Plus qu\u2019un simple h\u00e9bergement, Mount Logan EcoLodge est un lieu o\u00f9 on vient explorer, se ressourcer, et cr\u00e9er des souvenirs qui durent toute une vie. Nous tenons \u00e0 offrir une exp\u00e9rience yukonnaise authentique en nous approvisionnant d\u2019aliments locaux quand c\u2019est possible, en fabriquant nos meubles \u00e0 partir de bois local, et nous sommes d\u00e9di\u00e9s \u00e0 des pratiques visant la viabilit\u00e9 \u00e9cologique pour prot\u00e9ger cet endroit magnifique o\u00f9 nous vivons. <\/p>\n\n\n\n<p>Explorez notre vaste propri\u00e9t\u00e9 et vivez l\u2019aventure de vos r\u00eaves \u00e0 partir du seuil de notre porte. Vous pouvez ajouter une de nos activit\u00e9s guid\u00e9es \u00e0 votre s\u00e9jour et en faire un forfait. Que ce soit un petit d\u00e9jeuner complet pr\u00e9par\u00e9 et servi sur place avec amour, ou encore un feu de camp accompagn\u00e9 d\u2019une boisson chaude ou froide, agr\u00e9ment\u00e9 de r\u00e9cits de fin de journ\u00e9e, nous sommes d\u00e9di\u00e9s \u00e0 contribuer \u00e0 cr\u00e9er le s\u00e9jour de vos r\u00eaves.<\/p>\n\n\n\n<p><\/p>","protected":false},"excerpt":{"rendered":"<p>Mount Logan EcoLodge- An Oasis in the Wilderness More than an accommodation Mount Logan EcoLodge is a place to explore, rejuvenate and create memories that last a lifetime. Offering an authentic Yukon experience we source our food locally whenever possible, build furniture by hand from local wood and are committed to sustainability practices to protect &#8230; <a title=\"Nos installations\" class=\"read-more\" href=\"https:\/\/mountloganlodge.com\/fr\/lodge\/\" aria-label=\"More on Our Facilities\">Read more<\/a><\/p>","protected":false},"author":1,"featured_media":4780,"parent":0,"menu_order":6,"comment_status":"closed","ping_status":"closed","template":"","meta":{"_acf_changed":false,"_seopress_robots_primary_cat":"","_seopress_titles_title":"The Lodge I Mount Logan EcoLodge, Haines Junction Yukon","_seopress_titles_desc":"The lodge is a three-story building that houses five guest rooms, a dining room with a fireplace, a fully equipped kitchen and a large sun deck terrace.","_seopress_robots_index":"","footnotes":""},"class_list":["post-1746","page","type-page","status-publish","has-post-thumbnail","hentry"],"acf":[],"_links":{"self":[{"href":"https:\/\/mountloganlodge.com\/fr\/wp-json\/wp\/v2\/pages\/1746","targetHints":{"allow":["GET"]}}],"collection":[{"href":"https:\/\/mountloganlodge.com\/fr\/wp-json\/wp\/v2\/pages"}],"about":[{"href":"https:\/\/mountloganlodge.com\/fr\/wp-json\/wp\/v2\/types\/page"}],"author":[{"embeddable":true,"href":"https:\/\/mountloganlodge.com\/fr\/wp-json\/wp\/v2\/users\/1"}],"replies":[{"embeddable":true,"href":"https:\/\/mountloganlodge.com\/fr\/wp-json\/wp\/v2\/comments?post=1746"}],"version-history":[{"count":10,"href":"https:\/\/mountloganlodge.com\/fr\/wp-json\/wp\/v2\/pages\/1746\/revisions"}],"predecessor-version":[{"id":4810,"href":"https:\/\/mountloganlodge.com\/fr\/wp-json\/wp\/v2\/pages\/1746\/revisions\/4810"}],"wp:featuredmedia":[{"embeddable":true,"href":"https:\/\/mountloganlodge.com\/fr\/wp-json\/wp\/v2\/media\/4780"}],"wp:attachment":[{"href":"https:\/\/mountloganlodge.com\/fr\/wp-json\/wp\/v2\/media?parent=1746"}],"curies":[{"name":"wp","href":"https:\/\/api.w.org\/{rel}","templated":true}]}}